{"id":24,"date":"2020-09-22T18:26:05","date_gmt":"2020-09-22T16:26:05","guid":{"rendered":"https:\/\/www.aditorial.at\/kniescheck\/?page_id=24"},"modified":"2025-11-06T15:34:52","modified_gmt":"2025-11-06T14:34:52","slug":"essay","status":"publish","type":"page","link":"https:\/\/www.aditorial.at\/kniescheck\/essay\/","title":{"rendered":"ESSAY"},"content":{"rendered":"<div class=\"wpb-content-wrapper\"><p>[vc_row][vc_column width=&#8220;1\/2&#8243;][vc_column_text css=&#8220;&#8220;]Ein Essay zu psychischen und gesellschaftlichen Auswirkungen unserer digitalen Welt ist gerade im Entstehen. Mehr dazu im Herbst 2026.<\/p>\n<p>Vorbestellungen des Essays gerne per <a href=\"https:\/\/www.aditorial.at\/kniescheck\/kontakt\/\">Mail an mich<\/a><\/p>\n<p>Auf <a href=\"https:\/\/www.instagram.com\/beatekniescheck\/\" target=\"_blank\" rel=\"noopener\">Instagram<\/a> und <a href=\"https:\/\/www.facebook.com\/beatekniescheck\" target=\"_blank\" rel=\"noopener\">Facebook<\/a> informiere ich immer wieder \u00fcber meine literarischen Projekte, nat\u00fcrlich auch \u00fcber den noch im Entstehen befindlichen Essay. Au\u00dferdem poste ich dort Termine meiner Lesungen und Rezensionen zu B\u00fcchern anderer Autorinnen und Autoren.[\/vc_column_text][\/vc_column][vc_column width=&#8220;1\/2&#8243;][vc_column_text css=&#8220;.vc_custom_1600874384677{margin-top: 20px !important;}&#8220;]<img fetchpriority=\"high\" decoding=\"async\" class=\"alignnone wp-image-65 size-full\" src=\"https:\/\/www.aditorial.at\/kniescheck\/wp-content\/uploads\/2020\/09\/seminar-1-1.jpg\" alt=\"\" width=\"1800\" height=\"665\" srcset=\"https:\/\/www.aditorial.at\/kniescheck\/wp-content\/uploads\/2020\/09\/seminar-1-1.jpg 1800w, https:\/\/www.aditorial.at\/kniescheck\/wp-content\/uploads\/2020\/09\/seminar-1-1-300x111.jpg 300w, https:\/\/www.aditorial.at\/kniescheck\/wp-content\/uploads\/2020\/09\/seminar-1-1-768x284.jpg 768w, https:\/\/www.aditorial.at\/kniescheck\/wp-content\/uploads\/2020\/09\/seminar-1-1-1536x567.jpg 1536w, https:\/\/www.aditorial.at\/kniescheck\/wp-content\/uploads\/2020\/09\/seminar-1-1-600x222.jpg 600w\" sizes=\"(max-width: 1800px) 100vw, 1800px\" \/>[\/vc_column_text][\/vc_column][\/vc_row]<\/p>\n<\/div>","protected":false},"excerpt":{"rendered":"<p>[vc_row][vc_column width=&#8220;1\/2&#8243;][vc_column_text css=&#8220;&#8220;]Ein Essay zu psychischen und gesellschaftlichen Auswirkungen unserer digitalen Welt ist gerade im Entstehen. Mehr dazu im Herbst 2026. Vorbestellungen des Essays gerne per Mail an mich Auf Instagram und Facebook informiere ich immer wieder \u00fcber meine literarischen [&hellip;]<\/p>\n","protected":false},"author":1,"featured_media":0,"parent":0,"menu_order":0,"comment_status":"closed","ping_status":"closed","template":"","meta":{"footnotes":""},"class_list":["post-24","page","type-page","status-publish","hentry"],"_links":{"self":[{"href":"https:\/\/www.aditorial.at\/kniescheck\/wp-json\/wp\/v2\/pages\/24","targetHints":{"allow":["GET"]}}],"collection":[{"href":"https:\/\/www.aditorial.at\/kniescheck\/wp-json\/wp\/v2\/pages"}],"about":[{"href":"https:\/\/www.aditorial.at\/kniescheck\/wp-json\/wp\/v2\/types\/page"}],"author":[{"embeddable":true,"href":"https:\/\/www.aditorial.at\/kniescheck\/wp-json\/wp\/v2\/users\/1"}],"replies":[{"embeddable":true,"href":"https:\/\/www.aditorial.at\/kniescheck\/wp-json\/wp\/v2\/comments?post=24"}],"version-history":[{"count":5,"href":"https:\/\/www.aditorial.at\/kniescheck\/wp-json\/wp\/v2\/pages\/24\/revisions"}],"predecessor-version":[{"id":290,"href":"https:\/\/www.aditorial.at\/kniescheck\/wp-json\/wp\/v2\/pages\/24\/revisions\/290"}],"wp:attachment":[{"href":"https:\/\/www.aditorial.at\/kniescheck\/wp-json\/wp\/v2\/media?parent=24"}],"curies":[{"name":"wp","href":"https:\/\/api.w.org\/{rel}","templated":true}]}}