{"id":189,"date":"2022-05-16T13:11:46","date_gmt":"2022-05-16T11:11:46","guid":{"rendered":"https:\/\/www.aditorial.at\/kniescheck\/?page_id=189"},"modified":"2022-12-14T09:10:05","modified_gmt":"2022-12-14T08:10:05","slug":"eva-und-soehne","status":"publish","type":"page","link":"https:\/\/www.aditorial.at\/kniescheck\/eva-und-soehne\/","title":{"rendered":"Eva &#038; S\u00f6hne"},"content":{"rendered":"<div class=\"wpb-content-wrapper\"><p>[vc_row][vc_column width=&#8220;2\/3&#8243;][vc_column_text]<img fetchpriority=\"high\" decoding=\"async\" class=\"size-full wp-image-205 alignleft\" src=\"https:\/\/www.aditorial.at\/kniescheck\/wp-content\/uploads\/2022\/05\/Eva-und-Soehne-Buch-Neuerscheinung.jpg\" alt=\"\" width=\"361\" height=\"517\" srcset=\"https:\/\/www.aditorial.at\/kniescheck\/wp-content\/uploads\/2022\/05\/Eva-und-Soehne-Buch-Neuerscheinung.jpg 361w, https:\/\/www.aditorial.at\/kniescheck\/wp-content\/uploads\/2022\/05\/Eva-und-Soehne-Buch-Neuerscheinung-209x300.jpg 209w\" sizes=\"(max-width: 361px) 100vw, 361px\" \/><\/p>\n<p>Eva f\u00fchrt einen kleinen Laden, den sie sp\u00e4ter an ihre S\u00f6hne \u00fcbergeben wird. Was kaum jemand wei\u00df: Sie ist auch Mutter einer Tochter, die als kleines Kind starb. Niemand spricht mehr \u00fcber das M\u00e4dchen, schlie\u00dflich wird sogar ihr Grab aufgel\u00f6st. Das Schweigen, das nach dem Zweiten Weltkrieg in Evas l\u00e4ndlicher Heimat allgegenw\u00e4rtig ist, wird zur bedr\u00fcckenden Last, bis Eva schlie\u00dflich ganz verstummt. Es bleiben Schmerz, Wunden, Geheimnisse, aber auch eine neu gefundene Kraft, die es der jungen Mutter erm\u00f6glicht, ihre Stimme wiederzufinden und nach dem Tod ihres Kindes weiterzuleben.<\/p>\n<p>Siebzig Jahre sp\u00e4ter stirbt Evas erstgeborener Sohn. Erst jetzt erf\u00e4hrt Evas Enkelin, dass ihre Gro\u00dfmutter eine Tochter hatte. Sie beschlie\u00dft, der Unsichtbarkeit der Frauen in ihrer Familie etwas entgegenzusetzen, und macht sich auf die Suche nach dem verschollenen Grab von Evas Tochter. Eine Recherche beginnt, die mit einer unerwarteten Erkenntnis endet.<\/p>\n<p>Eva &amp; S\u00f6hne erz\u00e4hlt von der Selbsterm\u00e4chtigung zweier sehr unterschiedlicher Frauen im 20. und 21. Jahrhundert. Es ist eine Geschichte \u00fcber den Tod, die Wut und die Trauer. Sie handelt von der Ungerechtigkeit der Geschlechterverh\u00e4ltnisse und des Schicksals, aber auch von der verbindenden Kraft der Liebe.[\/vc_column_text][vc_column_text css=&#8220;.vc_custom_1671005403485{margin-top: 20px !important;}&#8220;]<\/p>\n<h3><\/h3>\n<h5><strong>Pressestimmen:<\/strong><\/h5>\n<p>Zwei Frauen, zwei Geschichten und ein Geheimnis.<\/p>\n<p><em>Roman Kloibhofer, Ober\u00f6sterreichische Nachrichten<\/em><\/p>\n<p>&nbsp;<\/p>\n<p>Wir reisen in der Familiengeschichte vor und zur\u00fcck, authentisch im Tonfall der jeweiligen Zeit, und begleiten eine Spurensuche, die den Frauen in der Familie ihren rechtm\u00e4\u00dfigen Platz geben wird. Autorin Beate Kniescheck liefert mit ihrem ersten Roman ein starkes St\u00fcck ab.<\/p>\n<p><em>Astrid Kuffner, Madame Wien<\/em><\/p>\n<p>&nbsp;<\/p>\n<p>Beate Kniescheck gelingt es, Privates in etwas Allgemeing\u00fcltiges zu verwandeln. \u00c4hnlich wie bei Handke werden wir zur\u00fcckversetzt ins l\u00e4ndlich katholische \u00d6sterreich der 1950er-Jahre. (\u2026) \u201eEva &amp; S\u00f6hne\u201c ist eine W\u00fcrdigung der unsichtbaren Frauen der Vergangenheit, der Bruch mit alten, patriarchalen Lebensmustern, die bis in die heutige Lebenswirklichkeit reichen. Dieses schmale Buch ist eine Emanzipation.<\/p>\n<p><em>Nikoletta Kiss, Magazin More Hotlist<\/em><\/p>\n<p>&nbsp;<\/p>\n<p>\u201eEva &amp; S\u00f6hne\u201c ist eine kritische, aber dennoch liebevolle, stellenweise heftige Auseinandersetzung mit herrschenden Rollenbildern, die Frauen an den Rand und ins \u00f6ffentliche und gesellschaftliche Abseits gestellt haben.<\/p>\n<p><em>Heinz Wagner, KiJUKU.at<\/em><\/p>\n<p>&nbsp;<\/p>\n<p>Was diesem Deb\u00fctroman zweifelsohne gelingt, sind Gef\u00fchlsbeschreibungen und eine nahbare, bildhafte Darstellung. Kniescheck zeichnet ein sehr vielschichtiges, diverses Frauenbild, das sich gut in die jeweilige Zeit einbettet.<\/p>\n<p><em>Katharina Peham, litrobona<\/em><\/p>\n<p>&nbsp;<\/p>\n<p>Die Autorin geht in ihrem Roman ganz nah an die Figuren heran und erz\u00e4hlt in einem sensiblen und klaren Tonfall. Dabei f\u00fchrt sie gekonnt zwei Geschichten parallel. (\u2026) Kniescheck verbindet die beiden Str\u00e4nge erz\u00e4hlerisch versiert bis zu einem geerdet poetischen Ende.&#8220;<\/p>\n<p><em>Andreas Pavlic, Augustin &#8211; erste \u00f6sterreichische Boulevardzeitung<\/em><\/p>\n<p>&nbsp;<\/p>\n<p>Ein charmanter und kluger Kunstgriff der Autorin besteht darin, dass dem Lesepublikum am Ende etwas mehr verraten wird, als die Protagonistin selbst bei ihrer Recherche erf\u00e4hrt. (\u2026) Dies wirft eine spannende Frage auf: Wenn Geschichte nur anhand von Dokumenten rekonstruiert werden kann und es immer einen Teil des Lebens gibt, der nie dokumentiert wird, k\u00f6nnen wir uns dann jemals auf das Bild verlassen, das wir von der Vergangenheit haben?<\/p>\n<p><em>Daniela Chana, literaturhaus.at<\/em>[\/vc_column_text][\/vc_column][vc_column width=&#8220;1\/3&#8243;][vc_column_text]<\/p>\n<h4>Buch bestellen<\/h4>\n<p>Bezugsquellen gibt\u2019s hier als <a href=\"https:\/\/linktr.ee\/beatekniescheck\" target=\"_blank\" rel=\"noopener\">Linktree-Liste<\/a>.[\/vc_column_text][vc_column_text]<\/p>\n<h4>Lesungen, mehr zum Roman<\/h4>\n<p>Auf <a href=\"https:\/\/www.instagram.com\/beatekniescheck\/\" target=\"_blank\" rel=\"noopener\">Instagram<\/a> und <a href=\"https:\/\/www.facebook.com\/beatekniescheck\" target=\"_blank\" rel=\"noopener\">Facebook<\/a> informiere ich immer wieder \u00fcber meine literarischen Projekte, nat\u00fcrlich auch \u00fcber den Roman \u201eEva &amp; S\u00f6hne\u201c. Au\u00dferdem poste ich dort auch Termine meiner Lesungen \u2013 und Rezensionen zu B\u00fcchern anderer Autorinnen und Autoren.[\/vc_column_text][\/vc_column][\/vc_row]<\/p>\n<\/div>","protected":false},"excerpt":{"rendered":"<p>[vc_row][vc_column width=&#8220;2\/3&#8243;][vc_column_text] Eva f\u00fchrt einen kleinen Laden, den sie sp\u00e4ter an ihre S\u00f6hne \u00fcbergeben wird. Was kaum jemand wei\u00df: Sie ist auch Mutter einer Tochter, die als kleines Kind starb. Niemand spricht mehr \u00fcber das M\u00e4dchen, schlie\u00dflich wird sogar ihr [&hellip;]<\/p>\n","protected":false},"author":1,"featured_media":0,"parent":0,"menu_order":0,"comment_status":"closed","ping_status":"closed","template":"","meta":{"footnotes":""},"class_list":["post-189","page","type-page","status-publish","hentry"],"_links":{"self":[{"href":"https:\/\/www.aditorial.at\/kniescheck\/wp-json\/wp\/v2\/pages\/189","targetHints":{"allow":["GET"]}}],"collection":[{"href":"https:\/\/www.aditorial.at\/kniescheck\/wp-json\/wp\/v2\/pages"}],"about":[{"href":"https:\/\/www.aditorial.at\/kniescheck\/wp-json\/wp\/v2\/types\/page"}],"author":[{"embeddable":true,"href":"https:\/\/www.aditorial.at\/kniescheck\/wp-json\/wp\/v2\/users\/1"}],"replies":[{"embeddable":true,"href":"https:\/\/www.aditorial.at\/kniescheck\/wp-json\/wp\/v2\/comments?post=189"}],"version-history":[{"count":14,"href":"https:\/\/www.aditorial.at\/kniescheck\/wp-json\/wp\/v2\/pages\/189\/revisions"}],"predecessor-version":[{"id":262,"href":"https:\/\/www.aditorial.at\/kniescheck\/wp-json\/wp\/v2\/pages\/189\/revisions\/262"}],"wp:attachment":[{"href":"https:\/\/www.aditorial.at\/kniescheck\/wp-json\/wp\/v2\/media?parent=189"}],"curies":[{"name":"wp","href":"https:\/\/api.w.org\/{rel}","templated":true}]}}