{"id":2,"date":"2015-03-09T16:27:53","date_gmt":"2015-03-09T16:27:53","guid":{"rendered":"http:\/\/www.aditorial.at\/aditional\/?page_id=2"},"modified":"2025-07-07T10:33:45","modified_gmt":"2025-07-07T08:33:45","slug":"referenzen","status":"publish","type":"page","link":"https:\/\/www.aditorial.at\/aditorial\/referenzen\/","title":{"rendered":"Referenzen"},"content":{"rendered":"<div class=\"wpb-content-wrapper\"><p>[vc_row][vc_column][vc_column_text css=&#8220;.vc_custom_1585554541173{margin-bottom: 30px !important;}&#8220;]<\/p>\n<h2>Referenzen<\/h2>\n<p>[\/vc_column_text][vc_column_text]<\/p>\n<div>\n<h4 class=\"moz-quote-pre\">Kommunikation, die wirkt.<\/h4>\n<div>Eine Auswahl bisheriger Kunden und Referenzprojekte:<\/div>\n<\/div>\n<p>[\/vc_column_text][\/vc_column][\/vc_row][vc_row][vc_column width=&#8220;1\/2&#8243;][vc_column_text]<strong>abz*austria<\/strong><\/p>\n<p><strong>Alpen Adria Universit\u00e4t Klagenfurt<\/strong><\/p>\n<p><strong>Austrian Health Forum (AHF)<\/strong><\/p>\n<p><strong>Austropapier<\/strong><\/p>\n<p><strong>dm drogeriemarkt<\/strong><\/p>\n<p><strong>Donau-Universit\u00e4t Krems<\/strong><\/p>\n<p><strong>ECDL Europ\u00e4ischer Computerf\u00fchrerschein<\/strong><\/p>\n<p><strong>FH Wien der WKW<\/strong><\/p>\n<p><strong>Fussl Modestra\u00dfe<\/strong><\/p>\n<p><strong>Generali Versicherung<\/strong><\/p>\n<p><strong>H\u00f6rhan Strategy Consultants<\/strong><\/p>\n<p><strong>ibw \u2013 Institut f\u00fcr Bildungsforschung der Wirtschaft<\/strong><\/p>\n<p><strong>kdz \u2013 Zentrum f\u00fcr Verwaltungsforschung<\/strong><\/p>\n<p><strong>LEADER-Region Tourismusverband Moststra\u00dfe<\/strong><\/p>\n<p><strong>Management Factory \u2013 a Valtus Company<\/strong><\/p>\n<p><strong>Medizinische Universit\u00e4t Wien<\/strong><\/p>\n<p><strong>N\u00d6 Landesverein f\u00fcr Erwachsenenschutz<\/strong><\/p>\n<p><strong>OCG \u2013 \u00d6sterreichische Computer Gesellschaft<\/strong><\/p>\n<p><strong>\u00d6GUT \u2013 \u00d6sterreichische Gesellschaft f\u00fcr Umwelt und Technik<\/strong><\/p>\n<p><strong>O\u00d6 Journalismusakademie<\/strong><\/p>\n<p><strong>\u00d6PWZ &#8211; \u00d6sterreichisches Produktivit\u00e4ts- und Wirtschaftlichkeits-Zentrum<\/strong><\/p>\n<p><strong>Park Residenz D\u00f6bling<\/strong><\/p>\n<p><strong>Print Power \u2013 Initiative pro Printmedien<\/strong>[\/vc_column_text][\/vc_column][vc_column width=&#8220;1\/2&#8243;][vc_column_text]<strong>Sozialministerium<\/strong><\/p>\n<p><strong>Stadt Linz<\/strong><\/p>\n<p><strong>Stadt Wels<\/strong><\/p>\n<p><strong>START-Wien Stipendienprogramm<\/strong><\/p>\n<p><strong>Steierm\u00e4rkische Sparkasse<\/strong><\/p>\n<p><strong>Tag der Weiterbildung<\/strong><\/p>\n<p><strong>TPA Steuerberatung und Wirtschaftspr\u00fcfung<\/strong><\/p>\n<p><strong>Universit\u00e4t Wien<\/strong><\/p>\n<p><strong>Universit\u00e4tssportinstitut Wien<\/strong><\/p>\n<p><strong>Verband \u00d6sterreichischer DiabetesberaterInnen<\/strong><\/p>\n<p><strong>Verband \u00d6sterreichischer Zeitungen<\/strong><\/p>\n<p><strong>Verwaltungsakademie des Bundes<\/strong><\/p>\n<p><strong>Vienna Business School<\/strong><\/p>\n<p><strong>Vivatis AG<\/strong><\/p>\n<p><strong>Willi Dungl Zentren<\/strong><\/p>\n<p><strong>Wiener Stadtwerke<\/strong><\/p>\n<p><strong>Wiener Volkshochschulen<\/strong><\/p>\n<p><strong>WIFI Wien Management Forum<\/strong><\/p>\n<p><strong>Wirtschaftsagentur Wien<\/strong><\/p>\n<p><strong>Wirtschaftskammer \u00d6sterreich, Frau in der Wirtschaft<\/strong><\/p>\n<p><strong>Wirtschaftskammer \u00d6sterreich, Bundesgremium Modehandel<\/strong><\/p>\n<p><strong>wohnfonds_wien<\/strong><\/p>\n<p><strong>World Newspaper Congress<\/strong>[\/vc_column_text][\/vc_column][\/vc_row][vc_row][vc_column][vc_empty_space height=&#8220;50px&#8220;][\/vc_column][\/vc_row]<\/p>\n<\/div>","protected":false},"excerpt":{"rendered":"<p>[vc_row][vc_column][vc_column_text css=&#8220;.vc_custom_1585554541173{margin-bottom: 30px !important;}&#8220;] Referenzen [\/vc_column_text][vc_column_text] Kommunikation, die wirkt. Eine Auswahl bisheriger Kunden und Referenzprojekte: [\/vc_column_text][\/vc_column][\/vc_row][vc_row][vc_column width=&#8220;1\/2&#8243;][vc_column_text]abz*austria Alpen Adria Universit\u00e4t Klagenfurt Austrian Health Forum (AHF) Austropapier dm drogeriemarkt Donau-Universit\u00e4t Krems ECDL Europ\u00e4ischer Computerf\u00fchrerschein FH Wien der WKW Fussl Modestra\u00dfe Generali [&hellip;]<\/p>\n","protected":false},"author":1,"featured_media":0,"parent":0,"menu_order":0,"comment_status":"closed","ping_status":"closed","template":"","meta":{"footnotes":""},"class_list":["post-2","page","type-page","status-publish","hentry"],"_links":{"self":[{"href":"https:\/\/www.aditorial.at\/aditorial\/wp-json\/wp\/v2\/pages\/2","targetHints":{"allow":["GET"]}}],"collection":[{"href":"https:\/\/www.aditorial.at\/aditorial\/wp-json\/wp\/v2\/pages"}],"about":[{"href":"https:\/\/www.aditorial.at\/aditorial\/wp-json\/wp\/v2\/types\/page"}],"author":[{"embeddable":true,"href":"https:\/\/www.aditorial.at\/aditorial\/wp-json\/wp\/v2\/users\/1"}],"replies":[{"embeddable":true,"href":"https:\/\/www.aditorial.at\/aditorial\/wp-json\/wp\/v2\/comments?post=2"}],"version-history":[{"count":62,"href":"https:\/\/www.aditorial.at\/aditorial\/wp-json\/wp\/v2\/pages\/2\/revisions"}],"predecessor-version":[{"id":729,"href":"https:\/\/www.aditorial.at\/aditorial\/wp-json\/wp\/v2\/pages\/2\/revisions\/729"}],"wp:attachment":[{"href":"https:\/\/www.aditorial.at\/aditorial\/wp-json\/wp\/v2\/media?parent=2"}],"curies":[{"name":"wp","href":"https:\/\/api.w.org\/{rel}","templated":true}]}}